{"id":6967,"date":"2024-04-21T12:16:06","date_gmt":"2024-04-21T12:16:06","guid":{"rendered":"https:\/\/polysoft.xyz\/group\/?post_type=product&#038;p=6967"},"modified":"2024-05-06T04:14:06","modified_gmt":"2024-05-06T09:14:06","slug":"model-1100","status":"publish","type":"product","link":"https:\/\/polysoft.xyz\/groupecb\/product\/model-1100\/","title":{"rendered":"Model 1100"},"content":{"rendered":"<table style=\"height: 400px;\" border=\"0\" width=\"368\" cellspacing=\"0\" cellpadding=\"0\">\n<colgroup>\n<col width=\"87\" \/><\/colgroup>\n<tbody>\n<tr>\n<td><\/td>\n<td class=\"xl65\" width=\"87\" height=\"21\">Chaise Dessinateur<\/td>\n<\/tr>\n<tr>\n<td class=\"xl65\" height=\"21\"><img decoding=\"async\" class=\"alignnone size-full wp-image-7533\" src=\"https:\/\/polysoft.xyz\/groupecb\/wp-content\/uploads\/2024\/04\/groupecb\u2014inclinaison-dossier.png\" alt=\"\" width=\"50\" height=\"46\" \/><\/td>\n<td>Ajustement de l\u2019Inclinaison du dossier<\/td>\n<\/tr>\n<tr>\n<td class=\"xl65\" height=\"21\"><img decoding=\"async\" class=\"alignnone wp-image-7517\" src=\"https:\/\/polysoft.xyz\/groupecb\/wp-content\/uploads\/2024\/04\/groupecb-basculement-siege.png\" alt=\"\" width=\"40\" height=\"48\" \/><\/td>\n<td>Ajustement de l\u2019inclinaison du si\u00e8ge<\/td>\n<\/tr>\n<tr>\n<td class=\"xl65\" height=\"21\"><img decoding=\"async\" class=\"alignnone wp-image-7529\" src=\"https:\/\/polysoft.xyz\/groupecb\/wp-content\/uploads\/2024\/04\/groupecb-hauteur-dossier.png\" alt=\"\" width=\"40\" height=\"37\" \/><\/td>\n<td>Ajustement de la hauteur du dossier<\/td>\n<\/tr>\n<tr>\n<td class=\"xl65\" height=\"21\"><img loading=\"lazy\" decoding=\"async\" class=\"alignnone wp-image-7521\" src=\"https:\/\/polysoft.xyz\/groupecb\/wp-content\/uploads\/2024\/04\/groupecb-ajustement-accoudoir-hauteur.png\" alt=\"\" width=\"40\" height=\"37\" \/><\/td>\n<td>Ajustement de la hauteur des bras<\/td>\n<\/tr>\n<\/tbody>\n<\/table>\n<p>&nbsp;<\/p>\n","protected":false},"excerpt":{"rendered":"<p>La chaise mod\u00e8le 1100 est sp\u00e9cialement con\u00e7ue pour les dessinateurs, offrant un confort optimal et une ergonomie sup\u00e9rieure pour les longues p\u00e9riodes pass\u00e9es \u00e0 dessiner ou \u00e0 travailler sur une table \u00e0 dessin. Voici ses caract\u00e9ristiques principales :<\/p>\n<ol>\n<li><strong>Chaise Dessinateur<\/strong> : La conception de la chaise est sp\u00e9cialement adapt\u00e9e aux besoins des dessinateurs, offrant un support ad\u00e9quat pour le dos et les bras pendant les s\u00e9ances de travail prolong\u00e9es.<\/li>\n<li><strong>Ajustement de l\u2019Inclinaison du dossier<\/strong> : La chaise dispose d&#8217;un m\u00e9canisme permettant d&#8217;ajuster l&#8217;inclinaison du dossier selon les pr\u00e9f\u00e9rences de l&#8217;utilisateur, offrant ainsi un soutien personnalis\u00e9 au dos.<\/li>\n<li><strong>Ajustement de l\u2019inclinaison du si\u00e8ge<\/strong> : L&#8217;inclinaison du si\u00e8ge peut \u00e9galement \u00eatre ajust\u00e9e pour fournir un confort suppl\u00e9mentaire et une meilleure posture pendant les heures de travail.<\/li>\n<li><strong>Ajustement de la hauteur du dossier<\/strong> : Pour s&#8217;adapter \u00e0 diff\u00e9rentes hauteurs de corps, la hauteur du dossier peut \u00eatre ajust\u00e9e afin de fournir un soutien optimal au niveau du dos.<\/li>\n<li><strong>Ajustement de la hauteur des bras<\/strong> : Les accoudoirs de la chaise peuvent \u00eatre ajust\u00e9s en hauteur pour correspondre \u00e0 la taille et \u00e0 la position pr\u00e9f\u00e9r\u00e9es de l&#8217;utilisateur, permettant ainsi un soutien appropri\u00e9 aux bras et aux \u00e9paules.<\/li>\n<li><strong>Repose-Pied<\/strong> : Pour un confort suppl\u00e9mentaire, la chaise mod\u00e8le 1100 est \u00e9quip\u00e9e d&#8217;un repose-pied, offrant un soutien aux jambes et permettant de soulager la pression sur les pieds lors de longues p\u00e9riodes d&#8217;assise.<\/li>\n<\/ol>\n<p>En r\u00e9sum\u00e9, la chaise mod\u00e8le 1100 offre une combinaison de fonctionnalit\u00e9s ergonomiques et de confort, sp\u00e9cialement con\u00e7ue pour r\u00e9pondre aux besoins sp\u00e9cifiques des dessinateurs, leur permettant de travailler efficacement et confortablement pendant de longues p\u00e9riodes.<\/p>\n","protected":false},"featured_media":7931,"comment_status":"open","ping_status":"closed","template":"","meta":[],"product_cat":[47,49],"product_tag":[],"class_list":{"0":"post-6967","1":"product","2":"type-product","3":"status-publish","4":"has-post-thumbnail","6":"product_cat-ergonomic","7":"product_cat-stool","9":"first","10":"instock","11":"shipping-taxable","12":"product-type-simple"},"_links":{"self":[{"href":"https:\/\/polysoft.xyz\/groupecb\/wp-json\/wp\/v2\/product\/6967","targetHints":{"allow":["GET"]}}],"collection":[{"href":"https:\/\/polysoft.xyz\/groupecb\/wp-json\/wp\/v2\/product"}],"about":[{"href":"https:\/\/polysoft.xyz\/groupecb\/wp-json\/wp\/v2\/types\/product"}],"replies":[{"embeddable":true,"href":"https:\/\/polysoft.xyz\/groupecb\/wp-json\/wp\/v2\/comments?post=6967"}],"wp:featuredmedia":[{"embeddable":true,"href":"https:\/\/polysoft.xyz\/groupecb\/wp-json\/wp\/v2\/media\/7931"}],"wp:attachment":[{"href":"https:\/\/polysoft.xyz\/groupecb\/wp-json\/wp\/v2\/media?parent=6967"}],"wp:term":[{"taxonomy":"product_cat","embeddable":true,"href":"https:\/\/polysoft.xyz\/groupecb\/wp-json\/wp\/v2\/product_cat?post=6967"},{"taxonomy":"product_tag","embeddable":true,"href":"https:\/\/polysoft.xyz\/groupecb\/wp-json\/wp\/v2\/product_tag?post=6967"}],"curies":[{"name":"wp","href":"https:\/\/api.w.org\/{rel}","templated":true}]}}