{"id":7694,"date":"2024-04-21T12:16:07","date_gmt":"2024-04-21T17:16:07","guid":{"rendered":"https:\/\/polysoft.xyz\/group\/product\/modele-1000\/"},"modified":"2024-04-23T12:30:26","modified_gmt":"2024-04-23T17:30:26","slug":"modele-1000","status":"publish","type":"product","link":"https:\/\/polysoft.xyz\/groupecb\/fr\/produit\/modele-1000\/","title":{"rendered":"Mod\u00e8le 1000"},"content":{"rendered":"<table style=\"height: 200px;\" border=\"0\" width=\"368\" cellspacing=\"0\" cellpadding=\"0\">\n<colgroup>\n<col width=\"87\" \/><\/colgroup>\n<tbody>\n<tr>\n<td class=\"xl65\" height=\"21\"><\/td>\n<td class=\"xl65\" width=\"21\" height=\"21\">Chaise Op\u00e9rateur \u2013 Dossier Moyen&lt;<\/td>\n<\/tr>\n<tr>\n<td class=\"xl65\" height=\"21\"><img decoding=\"async\" class=\"wp-image-7521 aligncenter\" src=\"https:\/\/polysoft.xyz\/groupecb\/wp-content\/uploads\/2024\/04\/groupecb-inclinaison-dossier.png\" alt=\"\" width=\"50\" height=\"50\" \/><\/td>\n<td class=\"xl65\" height=\"21\">Ajustement de l\u2019Inclinaison du dossier<\/td>\n<\/tr>\n<tr>\n<td class=\"xl65\" height=\"21\"><img decoding=\"async\" class=\"wp-image-7521 aligncenter\" src=\"https:\/\/polysoft.xyz\/groupecb\/wp-content\/uploads\/2024\/04\/groupecb-basculement-siege.png\" alt=\"\" width=\"50\" height=\"50\" \/><\/td>\n<td class=\"xl65\" height=\"21\">Ajustement de l\u2019inclinaison du si\u00e8ge<\/td>\n<\/tr>\n<tr>\n<td class=\"xl65\" height=\"21\"><img decoding=\"async\" class=\"wp-image-7521 aligncenter\" src=\"https:\/\/polysoft.xyz\/groupecb\/wp-content\/uploads\/2024\/04\/groupecb-hauteur-dossier.png\" alt=\"\" width=\"50\" height=\"50\" \/><\/td>\n<td class=\"xl65\" height=\"21\">Ajustement de la hauteur du dossier<\/td>\n<\/tr>\n<tr>\n<td class=\"xl65\" height=\"21\"><img loading=\"lazy\" decoding=\"async\" class=\"wp-image-7521 aligncenter\" src=\"https:\/\/polysoft.xyz\/groupecb\/wp-content\/uploads\/2024\/04\/groupecb-ajustement-accoudoir-hauteur.png\" alt=\"\" width=\"50\" height=\"50\" \/><\/td>\n<td class=\"xl65\" height=\"21\">Ajustement de la hauteur des bras<\/td>\n<\/tr>\n<\/tbody>\n<\/table>\n","protected":false},"excerpt":{"rendered":"<p>La chaise op\u00e9rateur avec dossier moyen est con\u00e7ue pour offrir un confort et un soutien ad\u00e9quats aux op\u00e9rateurs travaillant de longues heures dans des environnements de bureau ou d&rsquo;op\u00e9ration. Voici ses caract\u00e9ristiques principales :<\/p>\n<ol>\n<li><strong>Chaise Op\u00e9rateur &#8211; Dossier Moyen<\/strong> : Cette chaise est sp\u00e9cialement con\u00e7ue pour les op\u00e9rateurs, avec un dossier de taille moyenne qui offre un bon soutien lombaire et une libert\u00e9 de mouvement.<\/li>\n<li><strong>Ajustement de l\u2019Inclinaison du Dossier<\/strong> : La chaise est \u00e9quip\u00e9e d&rsquo;un m\u00e9canisme permettant d&rsquo;ajuster l&rsquo;inclinaison du dossier, ce qui permet \u00e0 l&rsquo;utilisateur de trouver la position la plus confortable pour son dos.<\/li>\n<li><strong>Ajustement de l\u2019Inclinaison du Si\u00e8ge<\/strong> : Elle dispose \u00e9galement d&rsquo;un m\u00e9canisme pour ajuster l&rsquo;inclinaison du si\u00e8ge, offrant ainsi une meilleure posture et un confort personnalis\u00e9 pendant les heures de travail.<\/li>\n<li><strong>Ajustement de la Hauteur du Dossier<\/strong> : La hauteur du dossier peut \u00eatre ajust\u00e9e pour s&rsquo;adapter \u00e0 la taille de l&rsquo;utilisateur, assurant ainsi un soutien optimal au niveau du dos.<\/li>\n<li><strong>Ajustement de la Hauteur des Bras<\/strong> : Les accoudoirs de la chaise peuvent \u00eatre r\u00e9gl\u00e9s en hauteur pour correspondre \u00e0 la taille et \u00e0 la position pr\u00e9f\u00e9r\u00e9es de l&rsquo;utilisateur, offrant un soutien confortable aux bras et aux \u00e9paules.<\/li>\n<\/ol>\n<p>In summary, the operator chair with medium backrest is designed to offer ergonomic comfort and adjustable support to operators during their long working hours, enabling them to maintain a healthy, comfortable posture throughout the day.<\/p>\n","protected":false},"featured_media":7960,"comment_status":"open","ping_status":"closed","template":"","meta":[],"product_cat":[55,57],"product_tag":[],"class_list":{"0":"post-7694","1":"product","2":"type-product","3":"status-publish","4":"has-post-thumbnail","6":"product_cat-conference-fr","7":"product_cat-ergonomique-fr","9":"first","10":"instock","11":"shipping-taxable","12":"product-type-simple"},"_links":{"self":[{"href":"https:\/\/polysoft.xyz\/groupecb\/fr\/wp-json\/wp\/v2\/product\/7694","targetHints":{"allow":["GET"]}}],"collection":[{"href":"https:\/\/polysoft.xyz\/groupecb\/fr\/wp-json\/wp\/v2\/product"}],"about":[{"href":"https:\/\/polysoft.xyz\/groupecb\/fr\/wp-json\/wp\/v2\/types\/product"}],"replies":[{"embeddable":true,"href":"https:\/\/polysoft.xyz\/groupecb\/fr\/wp-json\/wp\/v2\/comments?post=7694"}],"wp:featuredmedia":[{"embeddable":true,"href":"https:\/\/polysoft.xyz\/groupecb\/fr\/wp-json\/wp\/v2\/media\/7960"}],"wp:attachment":[{"href":"https:\/\/polysoft.xyz\/groupecb\/fr\/wp-json\/wp\/v2\/media?parent=7694"}],"wp:term":[{"taxonomy":"product_cat","embeddable":true,"href":"https:\/\/polysoft.xyz\/groupecb\/fr\/wp-json\/wp\/v2\/product_cat?post=7694"},{"taxonomy":"product_tag","embeddable":true,"href":"https:\/\/polysoft.xyz\/groupecb\/fr\/wp-json\/wp\/v2\/product_tag?post=7694"}],"curies":[{"name":"wp","href":"https:\/\/api.w.org\/{rel}","templated":true}]}}