{"id":7690,"date":"2024-04-21T12:16:07","date_gmt":"2024-04-21T17:16:07","guid":{"rendered":"https:\/\/polysoft.xyz\/group\/product\/modele-2200\/"},"modified":"2024-04-23T12:26:35","modified_gmt":"2024-04-23T17:26:35","slug":"modele-2200","status":"publish","type":"product","link":"https:\/\/polysoft.xyz\/groupecb\/fr\/produit\/modele-2200\/","title":{"rendered":"Mod\u00e8le 2200"},"content":{"rendered":"<table style=\"height: 160px;\" border=\"0\" width=\"451\" cellspacing=\"0\" cellpadding=\"0\">\n<colgroup>\n<col width=\"87\" \/><\/colgroup>\n<tbody>\n<tr>\n<td><\/td>\n<td class=\"xl65\" width=\"87\" height=\"21\">Chaise en Ur\u00e9thane<\/td>\n<\/tr>\n<tr>\n<td class=\"xl65\" height=\"15\"><img decoding=\"async\" class=\"aligncenter wp-image-7521\" src=\"https:\/\/polysoft.xyz\/groupecb\/wp-content\/uploads\/2024\/04\/groupecb-hauteur-siege.png\" alt=\"\" width=\"50\" height=\"50\" \/><\/td>\n<td class=\"xl65\" height=\"15\">Ajustement de la hauteur<\/td>\n<\/tr>\n<\/tbody>\n<\/table>\n","protected":false},"excerpt":{"rendered":"<p>Le choix d&rsquo;une chaise en ur\u00e9thane pr\u00e9sente de nombreux avantages, notamment dans un environnement de travail exigeant un haut niveau de confort et de durabilit\u00e9, comme un bureau ou un laboratoire. Voici quelques raisons d&rsquo;opter pour une chaise en ur\u00e9thane r\u00e9glable en hauteur :<\/p>\n<p>1. **Confort accru** : Le mat\u00e9riau ur\u00e9thane offre un niveau de confort plus \u00e9lev\u00e9 que les autres mat\u00e9riaux de chaise, gr\u00e2ce \u00e0 sa capacit\u00e9 \u00e0 s&rsquo;adapter et \u00e0 \u00e9pouser la forme du corps de l&rsquo;utilisateur. Cela r\u00e9duit les points de pression et favorise une posture ergonomique sur de longues p\u00e9riodes d&rsquo;utilisation.<\/p>\n<p>2. **Durabilit\u00e9 et long\u00e9vit\u00e9** : Les chaises en ur\u00e9thane sont connues pour leur robustesse et leur r\u00e9sistance \u00e0 l&rsquo;usure. Ce mat\u00e9riau est g\u00e9n\u00e9ralement tr\u00e8s durable et peut r\u00e9sister \u00e0 l&rsquo;usure quotidienne, ce qui en fait un choix id\u00e9al pour les environnements de travail o\u00f9 les chaises sont fr\u00e9quemment utilis\u00e9es.<\/p>\n<p>3. **Facile d&rsquo;entretien** : L&rsquo;ur\u00e9thane est \u00e9galement facile \u00e0 nettoyer et \u00e0 entretenir. Il est r\u00e9sistant aux taches et \u00e0 l&rsquo;eau, ce qui signifie qu&rsquo;il peut \u00eatre nettoy\u00e9 rapidement et efficacement en cas de d\u00e9versement ou de salissure, ce qui est essentiel dans les environnements de travail o\u00f9 la propret\u00e9 est primordiale.<\/p>\n<p>4. **Polyvalence** : Les chaises en ur\u00e9thane sont polyvalentes et peuvent \u00eatre utilis\u00e9es dans divers environnements, notamment les bureaux, les laboratoires, les ateliers et les salles de r\u00e9union. Leur conception ergonomique et leur confort font qu&rsquo;elles conviennent \u00e0 de nombreuses situations diff\u00e9rentes.<\/p>\n<p>5. **R\u00e9glage en hauteur** : Outre les avantages du mat\u00e9riau ur\u00e9thane, le fait que la chaise soit \u00e9galement r\u00e9glable en hauteur permet aux utilisateurs d&rsquo;adapter leur exp\u00e9rience d&rsquo;assise \u00e0 leur taille et \u00e0 leurs pr\u00e9f\u00e9rences. Cela contribue \u00e0 un confort et \u00e0 un soutien optimaux tout au long de la journ\u00e9e de travail.<\/p>\n<p>En r\u00e9sum\u00e9, le choix d&rsquo;une chaise en ur\u00e9thane avec r\u00e9glage en hauteur peut offrir un niveau \u00e9lev\u00e9 de confort, de durabilit\u00e9 et de polyvalence, tout en permettant aux utilisateurs de b\u00e9n\u00e9ficier d&rsquo;un soutien personnalis\u00e9 et d&rsquo;une posture ergonomique gr\u00e2ce \u00e0 la fonction de r\u00e9glage en hauteur. Traduit avec www.DeepL.com\/Translator (version gratuite)<\/p>\n","protected":false},"featured_media":7888,"comment_status":"open","ping_status":"closed","template":"","meta":[],"product_cat":[60],"product_tag":[],"class_list":{"0":"post-7690","1":"product","2":"type-product","3":"status-publish","4":"has-post-thumbnail","6":"product_cat-tabouret-fr","8":"first","9":"instock","10":"shipping-taxable","11":"product-type-simple"},"_links":{"self":[{"href":"https:\/\/polysoft.xyz\/groupecb\/fr\/wp-json\/wp\/v2\/product\/7690","targetHints":{"allow":["GET"]}}],"collection":[{"href":"https:\/\/polysoft.xyz\/groupecb\/fr\/wp-json\/wp\/v2\/product"}],"about":[{"href":"https:\/\/polysoft.xyz\/groupecb\/fr\/wp-json\/wp\/v2\/types\/product"}],"replies":[{"embeddable":true,"href":"https:\/\/polysoft.xyz\/groupecb\/fr\/wp-json\/wp\/v2\/comments?post=7690"}],"wp:featuredmedia":[{"embeddable":true,"href":"https:\/\/polysoft.xyz\/groupecb\/fr\/wp-json\/wp\/v2\/media\/7888"}],"wp:attachment":[{"href":"https:\/\/polysoft.xyz\/groupecb\/fr\/wp-json\/wp\/v2\/media?parent=7690"}],"wp:term":[{"taxonomy":"product_cat","embeddable":true,"href":"https:\/\/polysoft.xyz\/groupecb\/fr\/wp-json\/wp\/v2\/product_cat?post=7690"},{"taxonomy":"product_tag","embeddable":true,"href":"https:\/\/polysoft.xyz\/groupecb\/fr\/wp-json\/wp\/v2\/product_tag?post=7690"}],"curies":[{"name":"wp","href":"https:\/\/api.w.org\/{rel}","templated":true}]}}