{"id":7678,"date":"2024-04-21T12:16:07","date_gmt":"2024-04-21T17:16:07","guid":{"rendered":"https:\/\/polysoft.xyz\/group\/product\/model-5000\/"},"modified":"2024-04-23T12:03:38","modified_gmt":"2024-04-23T17:03:38","slug":"model-5000","status":"publish","type":"product","link":"https:\/\/polysoft.xyz\/groupecb\/fr\/produit\/model-5000\/","title":{"rendered":"Mod\u00e8le 5000"},"content":{"rendered":"<table style=\"height: 90px;\" border=\"0\" width=\"368\" cellspacing=\"0\" cellpadding=\"0\">\n<colgroup>\n<col width=\"87\" \/><\/colgroup>\n<tbody>\n<tr>\n<td class=\"xl65\" height=\"21\"><\/td>\n<td class=\"xl65\" width=\"87\" height=\"21\">Chaise en PVC<\/td>\n<\/tr>\n<tr>\n<td class=\"xl65\" height=\"21\"><img decoding=\"async\" class=\"wp-image-7544 aligncenter\" src=\"https:\/\/polysoft.xyz\/groupecb\/wp-content\/uploads\/2024\/04\/groupecb-empilable.png\" alt=\"\" width=\"50\" height=\"50\" \/><\/td>\n<td class=\"xl65\" height=\"21\">Empilable<\/td>\n<\/tr>\n<tr>\n<td class=\"xl65\" height=\"21\"><\/td>\n<td class=\"xl65\" height=\"21\">Disponible structure Chrome, Argent et Noir<\/td>\n<\/tr>\n<\/tbody>\n<\/table>\n","protected":false},"excerpt":{"rendered":"<p>Le choix d&rsquo;une chaise empilable en PVC, disponible avec une structure chrom\u00e9e, argent\u00e9e ou noire, pour une salle d&rsquo;attente pr\u00e9sente plusieurs avantages importants :<\/p>\n<p>1. **Durabilit\u00e9 et solidit\u00e9** : Le PVC est un mat\u00e9riau connu pour sa durabilit\u00e9 et sa r\u00e9sistance aux chocs, \u00e0 la corrosion et \u00e0 l&rsquo;usure quotidienne. Il s&rsquo;agit donc d&rsquo;un choix id\u00e9al pour les environnements tr\u00e8s fr\u00e9quent\u00e9s tels que les salles d&rsquo;attente, o\u00f9 le mobilier est souvent sollicit\u00e9.<\/p>\n<p>2. **Facilit\u00e9 d&rsquo;entretien** : Le PVC est \u00e9galement tr\u00e8s facile \u00e0 nettoyer et \u00e0 entretenir. Sa surface lisse et non poreuse peut \u00eatre rapidement nettoy\u00e9e \u00e0 l&rsquo;aide d&rsquo;un chiffon humide pour enlever la salet\u00e9, la poussi\u00e8re ou les taches l\u00e9g\u00e8res, ce qui est parfait pour garder les salles d&rsquo;attente propres.<\/p>\n<p>3. **empilable** : La capacit\u00e9 d&#8217;empilage de ces chaises en PVC permet un rangement facile et peu encombrant lorsqu&rsquo;elles ne sont pas utilis\u00e9es. Cela lib\u00e8re de l&rsquo;espace dans la salle d&rsquo;attente et facilite le nettoyage du sol ou le d\u00e9placement des meubles lors d&rsquo;\u00e9v\u00e9nements temporaires ou de r\u00e9organisations.<\/p>\n<p>4. **Polyvalence du design** : Le fait que ces chaises soient disponibles avec des ch\u00e2ssis chrom\u00e9s, argent\u00e9s ou noirs offre une polyvalence de conception qui leur permet de s&rsquo;int\u00e9grer harmonieusement dans diff\u00e9rents types de d\u00e9cors de salles d&rsquo;attente. Qu&rsquo;il s&rsquo;agisse d&rsquo;un style moderne, classique ou contemporain, il existe une option adapt\u00e9e \u00e0 chaque esth\u00e9tique.<\/p>\n<p>5. **Confort pour une attente prolong\u00e9e** : Si le PVC est connu pour sa robustesse, il peut aussi \u00eatre con\u00e7u de mani\u00e8re ergonomique pour offrir un confort optimal aux personnes qui attendent leur tour. Des coussins rembourr\u00e9s ou des formes profil\u00e9es peuvent \u00eatre ajout\u00e9s pour assurer un soutien ad\u00e9quat lors d&rsquo;attentes prolong\u00e9es.<\/p>\n<p>En r\u00e9sum\u00e9, le choix d&rsquo;une chaise en PVC empilable, disponible avec diff\u00e9rentes options structurelles, est un choix judicieux pour les salles d&rsquo;attente en raison de sa durabilit\u00e9, de sa facilit\u00e9 d&rsquo;entretien, de son empilabilit\u00e9, de la polyvalence de son design et du confort qu&rsquo;elle offre aux visiteurs. Traduit avec www.DeepL.com\/Translator (version gratuite)<\/p>\n","protected":false},"featured_media":7938,"comment_status":"open","ping_status":"closed","template":"","meta":[],"product_cat":[56,53],"product_tag":[],"class_list":{"0":"post-7678","1":"product","2":"type-product","3":"status-publish","4":"has-post-thumbnail","6":"product_cat-empilable-fr","7":"product_cat-visiteur-fr","9":"first","10":"instock","11":"shipping-taxable","12":"product-type-simple"},"_links":{"self":[{"href":"https:\/\/polysoft.xyz\/groupecb\/fr\/wp-json\/wp\/v2\/product\/7678","targetHints":{"allow":["GET"]}}],"collection":[{"href":"https:\/\/polysoft.xyz\/groupecb\/fr\/wp-json\/wp\/v2\/product"}],"about":[{"href":"https:\/\/polysoft.xyz\/groupecb\/fr\/wp-json\/wp\/v2\/types\/product"}],"replies":[{"embeddable":true,"href":"https:\/\/polysoft.xyz\/groupecb\/fr\/wp-json\/wp\/v2\/comments?post=7678"}],"wp:featuredmedia":[{"embeddable":true,"href":"https:\/\/polysoft.xyz\/groupecb\/fr\/wp-json\/wp\/v2\/media\/7938"}],"wp:attachment":[{"href":"https:\/\/polysoft.xyz\/groupecb\/fr\/wp-json\/wp\/v2\/media?parent=7678"}],"wp:term":[{"taxonomy":"product_cat","embeddable":true,"href":"https:\/\/polysoft.xyz\/groupecb\/fr\/wp-json\/wp\/v2\/product_cat?post=7678"},{"taxonomy":"product_tag","embeddable":true,"href":"https:\/\/polysoft.xyz\/groupecb\/fr\/wp-json\/wp\/v2\/product_tag?post=7678"}],"curies":[{"name":"wp","href":"https:\/\/api.w.org\/{rel}","templated":true}]}}