{"id":7669,"date":"2024-04-21T12:16:08","date_gmt":"2024-04-21T17:16:08","guid":{"rendered":"https:\/\/polysoft.xyz\/group\/product\/modele-victoria\/"},"modified":"2024-04-23T11:49:30","modified_gmt":"2024-04-23T16:49:30","slug":"modele-victoria","status":"publish","type":"product","link":"https:\/\/polysoft.xyz\/groupecb\/fr\/produit\/modele-victoria\/","title":{"rendered":"Mod\u00e8le Victoria"},"content":{"rendered":"<table style=\"height: 200px;\" border=\"0\" width=\"400\" cellspacing=\"0\" cellpadding=\"0\">\n<colgroup>\n<col width=\"87\" \/><\/colgroup>\n<tbody>\n<tr>\n<td class=\"xl65\" height=\"21\"><img decoding=\"async\" class=\"wp-image-7521 aligncenter\" src=\"https:\/\/polysoft.xyz\/groupecb\/wp-content\/uploads\/2024\/04\/groupecb-ajustement-accoudoir-hauteur.png\" alt=\"\" width=\"50\" height=\"50\" \/><\/td>\n<td class=\"xl65\" width=\"87\" height=\"21\">Bras Ajustable en Hauteur<\/td>\n<\/tr>\n<tr>\n<td><img decoding=\"async\" class=\"size-full wp-image-7513 aligncenter\" src=\"https:\/\/polysoft.xyz\/groupecb\/wp-content\/uploads\/2024\/04\/groupecb-distance-accoudoir.png\" alt=\"\" width=\"50\" height=\"50\" \/><\/td>\n<td class=\"xl65\" height=\"21\">Bras Ajustable Avant-Arri\u00e8re<\/td>\n<\/tr>\n<tr>\n<td class=\"xl65\" height=\"21\"><img decoding=\"async\" class=\"aligncenter wp-image-7531\" src=\"https:\/\/polysoft.xyz\/groupecb\/wp-content\/uploads\/2024\/04\/groupecb-inclinaison-dossier.png\" alt=\"\" width=\"50\" height=\"50\" \/><\/td>\n<td class=\"xl65\" height=\"21\">Ajustement de l\u2019Angle du Dos<\/td>\n<\/tr>\n<tr>\n<td class=\"xl65\" height=\"21\"><img loading=\"lazy\" decoding=\"async\" class=\"size-full wp-image-7566 aligncenter\" src=\"https:\/\/polysoft.xyz\/groupecb\/wp-content\/uploads\/2024\/04\/groupecb-support-lombaire.png\" alt=\"\" width=\"50\" height=\"50\" \/><\/td>\n<td class=\"xl65\" height=\"21\">Ajustement de la Tension du Dos<\/td>\n<\/tr>\n<tr>\n<td class=\"xl65\" height=\"21\"><img loading=\"lazy\" decoding=\"async\" class=\"size-full wp-image-7566 aligncenter\" src=\"https:\/\/polysoft.xyz\/groupecb\/wp-content\/uploads\/2024\/04\/groupecb-support-lombaire.png\" alt=\"\" width=\"50\" height=\"50\" \/><\/td>\n<td class=\"xl65\" height=\"21\">Support Lombaire<\/td>\n<\/tr>\n<tr>\n<td class=\"xl65\" height=\"21\"><img loading=\"lazy\" decoding=\"async\" class=\"size-full wp-image-7568 aligncenter\" src=\"https:\/\/polysoft.xyz\/groupecb\/wp-content\/uploads\/2024\/04\/groupecb-roulettes.png\" alt=\"\" width=\"50\" height=\"50\" \/><\/td>\n<td class=\"xl65\" height=\"21\">Roulette Ur\u00e9thane<\/td>\n<\/tr>\n<\/tbody>\n<\/table>\n","protected":false},"excerpt":{"rendered":"<p>La chaise qui r\u00e9pond le mieux \u00e0 ces crit\u00e8res est une chaise ergonomique haut de gamme con\u00e7ue pour offrir un confort optimal et une polyvalence d&rsquo;utilisation sur diff\u00e9rentes surfaces. Voici ses principales caract\u00e9ristiques :<\/p>\n<p>1. **Des accoudoirs r\u00e9glables en hauteur** : Les accoudoirs du fauteuil peuvent \u00eatre r\u00e9gl\u00e9s en hauteur pour s&rsquo;adapter \u00e0 la taille de l&rsquo;utilisateur et offrir un soutien ad\u00e9quat aux bras et aux \u00e9paules.<\/p>\n<p>2. **Bras r\u00e9glables \u00e0 l&rsquo;avant et \u00e0 l&rsquo;arri\u00e8re** : En plus du r\u00e9glage en hauteur, les accoudoirs du fauteuil peuvent \u00e9galement \u00eatre r\u00e9gl\u00e9s dans un mouvement avant-arri\u00e8re pour s&rsquo;adapter \u00e0 la position de travail pr\u00e9f\u00e9r\u00e9e de l&rsquo;utilisateur.<\/p>\n<p>3. **R\u00e9glage de l&rsquo;angle du dossier** : Le dossier de la chaise peut \u00eatre inclin\u00e9 \u00e0 diff\u00e9rents angles pour offrir un soutien dorsal optimal et favoriser une posture confortable et ergonomique.<\/p>\n<p>4. **R\u00e9glage de la tension du dossier** : Cette fonction permet \u00e0 l&rsquo;utilisateur de r\u00e9gler la tension du dossier en fonction de ses pr\u00e9f\u00e9rences, offrant ainsi un soutien personnalis\u00e9 et un confort accru pendant les p\u00e9riodes d&rsquo;utilisation prolong\u00e9es.<\/p>\n<p>5. **Soutien lombaire** : Le fauteuil est \u00e9quip\u00e9 d&rsquo;un support lombaire r\u00e9glable qui soutient la courbure naturelle de la colonne vert\u00e9brale, aidant \u00e0 pr\u00e9venir les douleurs lombaires et \u00e0 maintenir une posture saine.<\/p>\n<p>6. **Roulettes en ur\u00e9thane** : Les roulettes en ur\u00e9thane sont id\u00e9ales pour une utilisation sur toutes les surfaces, offrant un glissement doux et silencieux tout en \u00e9tant r\u00e9sistantes \u00e0 l&rsquo;usure. Elles am\u00e9liorent \u00e9galement la stabilit\u00e9 et la maniabilit\u00e9 de la chaise sur les sols durs, la moquette ou tout autre type de rev\u00eatement.<\/p>\n<p>En r\u00e9sum\u00e9, cette chaise combine des caract\u00e9ristiques de haute qualit\u00e9 telles que des accoudoirs r\u00e9glables en hauteur et en avant\/arri\u00e8re, un r\u00e9glage de l&rsquo;angle et de la tension du dossier, un soutien lombaire et des roulettes en ur\u00e9thane pour offrir un confort optimal et une polyvalence d&rsquo;utilisation sur toutes les surfaces. Il est id\u00e9al pour les environnements de travail o\u00f9 le confort et la productivit\u00e9 sont des priorit\u00e9s absolues. <\/p>\n","protected":false},"featured_media":7922,"comment_status":"open","ping_status":"closed","template":"","meta":[],"product_cat":[55,57,58],"product_tag":[],"class_list":{"0":"post-7669","1":"product","2":"type-product","3":"status-publish","4":"has-post-thumbnail","6":"product_cat-conference-fr","7":"product_cat-ergonomique-fr","8":"product_cat-nouveau-fr","10":"first","11":"instock","12":"shipping-taxable","13":"product-type-simple"},"_links":{"self":[{"href":"https:\/\/polysoft.xyz\/groupecb\/fr\/wp-json\/wp\/v2\/product\/7669","targetHints":{"allow":["GET"]}}],"collection":[{"href":"https:\/\/polysoft.xyz\/groupecb\/fr\/wp-json\/wp\/v2\/product"}],"about":[{"href":"https:\/\/polysoft.xyz\/groupecb\/fr\/wp-json\/wp\/v2\/types\/product"}],"replies":[{"embeddable":true,"href":"https:\/\/polysoft.xyz\/groupecb\/fr\/wp-json\/wp\/v2\/comments?post=7669"}],"wp:featuredmedia":[{"embeddable":true,"href":"https:\/\/polysoft.xyz\/groupecb\/fr\/wp-json\/wp\/v2\/media\/7922"}],"wp:attachment":[{"href":"https:\/\/polysoft.xyz\/groupecb\/fr\/wp-json\/wp\/v2\/media?parent=7669"}],"wp:term":[{"taxonomy":"product_cat","embeddable":true,"href":"https:\/\/polysoft.xyz\/groupecb\/fr\/wp-json\/wp\/v2\/product_cat?post=7669"},{"taxonomy":"product_tag","embeddable":true,"href":"https:\/\/polysoft.xyz\/groupecb\/fr\/wp-json\/wp\/v2\/product_tag?post=7669"}],"curies":[{"name":"wp","href":"https:\/\/api.w.org\/{rel}","templated":true}]}}