{"id":7666,"date":"2024-04-21T12:16:08","date_gmt":"2024-04-21T17:16:08","guid":{"rendered":"https:\/\/polysoft.xyz\/group\/product\/model-7600\/"},"modified":"2024-04-23T11:45:13","modified_gmt":"2024-04-23T16:45:13","slug":"model-7600","status":"publish","type":"product","link":"https:\/\/polysoft.xyz\/groupecb\/fr\/produit\/model-7600\/","title":{"rendered":"Mod\u00e8le 7600"},"content":{"rendered":"<table style=\"height: 300px;\" border=\"0\" width=\"374\" cellspacing=\"0\" cellpadding=\"0\">\n<colgroup>\n<col width=\"87\" \/><\/colgroup>\n<tbody>\n<tr>\n<td class=\"xl65\" height=\"21\"><img decoding=\"async\" class=\"wp-image-7521 aligncenter\" src=\"https:\/\/polysoft.xyz\/groupecb\/wp-content\/uploads\/2024\/04\/groupecb-ajustement-accoudoir-hauteur.png\" alt=\"\" width=\"50\" height=\"50\" \/><\/td>\n<td class=\"xl65\" width=\"87\" height=\"21\">Ajustement des Bras en Hauteur<\/td>\n<\/tr>\n<tr>\n<td><img decoding=\"async\" class=\"aligncenter size-full wp-image-7517\" src=\"https:\/\/polysoft.xyz\/groupecb\/wp-content\/uploads\/2024\/04\/groupecb-basculement-siege.png\" alt=\"\" width=\"50\" height=\"50\" \/><\/td>\n<td class=\"xl65\" height=\"21\">Ajustement de L\u2019Angle du Si\u00e8ge<\/td>\n<\/tr>\n<tr>\n<td class=\"xl65\" height=\"21\"><img decoding=\"async\" class=\"aligncenter size-full wp-image-7531\" src=\"https:\/\/polysoft.xyz\/groupecb\/wp-content\/uploads\/2024\/04\/groupecb-inclinaison-dossier.png\" alt=\"\" width=\"50\" height=\"50\" \/><\/td>\n<td class=\"xl65\" height=\"21\">Ajustement de L\u2019Angle du Dos<\/td>\n<\/tr>\n<tr>\n<td class=\"xl65\" height=\"21\"><img decoding=\"async\" class=\"aligncenter size-full wp-image-7531\" src=\"https:\/\/polysoft.xyz\/groupecb\/wp-content\/uploads\/2024\/04\/groupecb-inclinaison-dossier.png\" alt=\"\" width=\"50\" height=\"50\" \/><\/td>\n<td class=\"xl65\" height=\"21\">Ajustement de la Tension du Dos<\/td>\n<\/tr>\n<tr>\n<td class=\"xl65\" height=\"21\"><img loading=\"lazy\" decoding=\"async\" class=\"aligncenter size-full wp-image-7566\" src=\"https:\/\/polysoft.xyz\/groupecb\/wp-content\/uploads\/2024\/04\/groupecb-support-lombaire.png\" alt=\"\" width=\"50\" height=\"50\" \/><\/td>\n<td class=\"xl65\" height=\"21\">Support Lombaire<\/td>\n<\/tr>\n<tr>\n<td class=\"xl65\" height=\"21\"><img loading=\"lazy\" decoding=\"async\" class=\"aligncenter size-full wp-image-7568\" src=\"https:\/\/polysoft.xyz\/groupecb\/wp-content\/uploads\/2024\/04\/groupecb-roulettes.png\" alt=\"\" width=\"50\" height=\"50\" \/><\/td>\n<td class=\"xl65\" height=\"21\">Roulette Ur\u00e9thane<\/td>\n<\/tr>\n<\/tbody>\n<\/table>\n","protected":false},"excerpt":{"rendered":"<p>Le 7600 offre une gamme compl\u00e8te d&rsquo;avantages pour assurer un confort et un soutien optimaux pendant de longues p\u00e9riodes d&rsquo;utilisation. Ses principales caract\u00e9ristiques sont les suivantes<\/p>\n<p>1. **R\u00e9glage de la hauteur des accoudoirs** : Les accoudoirs du fauteuil peuvent \u00eatre r\u00e9gl\u00e9s en hauteur pour s&rsquo;adapter \u00e0 la taille de l&rsquo;utilisateur, offrant ainsi un soutien optimal aux bras et aux \u00e9paules, ce qui contribue \u00e0 r\u00e9duire la tension musculaire dans la partie sup\u00e9rieure du corps.<\/p>\n<p>2. **R\u00e9glage de l&rsquo;angle du si\u00e8ge** : Cette fonction permet \u00e0 l&rsquo;utilisateur de r\u00e9gler l&rsquo;angle du si\u00e8ge pour trouver la position assise la plus confortable et la plus ergonomique en fonction de sa morphologie et de ses pr\u00e9f\u00e9rences.<\/p>\n<p>3. **R\u00e9glage de l&rsquo;angle du dossier** : Le dossier de la chaise peut \u00eatre inclin\u00e9 \u00e0 diff\u00e9rents angles pour soutenir efficacement le dos et favoriser une posture correcte, ce qui est essentiel pour pr\u00e9venir les douleurs et les tensions lombaires.<\/p>\n<p>4. **R\u00e9glage de la tension du dossier** : Cette fonction permet \u00e0 l&rsquo;utilisateur de r\u00e9gler la tension du dossier en fonction de ses besoins, offrant ainsi un soutien personnalis\u00e9 et un confort accru pendant les p\u00e9riodes d&rsquo;utilisation prolong\u00e9es.<\/p>\n<p>5. **Soutien lombaire** : Le fauteuil est \u00e9quip\u00e9 d&rsquo;un support lombaire int\u00e9gr\u00e9 qui soutient la courbure naturelle de la colonne vert\u00e9brale, contribuant \u00e0 r\u00e9duire la fatigue et les douleurs lombaires et favorisant une posture saine.<\/p>\n<p>6. **Roulettes en ur\u00e9thane** : Les roulettes en ur\u00e9thane offrent un glissement doux et silencieux sur diff\u00e9rents types de surface, tout en \u00e9tant r\u00e9sistantes \u00e0 l&rsquo;usure et durables. Elles am\u00e9liorent \u00e9galement la stabilit\u00e9 et la maniabilit\u00e9 du fauteuil.<\/p>\n<p>En r\u00e9sum\u00e9, le 7600 est un si\u00e8ge ergonomique haut de gamme qui offre une large gamme d&rsquo;options de r\u00e9glage pour r\u00e9pondre aux besoins individuels des utilisateurs, tout en assurant un soutien optimal du dos, des bras et du bas du corps. Ces caract\u00e9ristiques en font un choix id\u00e9al pour les environnements de travail o\u00f9 le confort et la productivit\u00e9 sont des priorit\u00e9s. <\/p>\n","protected":false},"featured_media":7944,"comment_status":"open","ping_status":"closed","template":"","meta":[],"product_cat":[55,57],"product_tag":[],"class_list":{"0":"post-7666","1":"product","2":"type-product","3":"status-publish","4":"has-post-thumbnail","6":"product_cat-conference-fr","7":"product_cat-ergonomique-fr","9":"first","10":"instock","11":"shipping-taxable","12":"product-type-simple"},"_links":{"self":[{"href":"https:\/\/polysoft.xyz\/groupecb\/fr\/wp-json\/wp\/v2\/product\/7666","targetHints":{"allow":["GET"]}}],"collection":[{"href":"https:\/\/polysoft.xyz\/groupecb\/fr\/wp-json\/wp\/v2\/product"}],"about":[{"href":"https:\/\/polysoft.xyz\/groupecb\/fr\/wp-json\/wp\/v2\/types\/product"}],"replies":[{"embeddable":true,"href":"https:\/\/polysoft.xyz\/groupecb\/fr\/wp-json\/wp\/v2\/comments?post=7666"}],"wp:featuredmedia":[{"embeddable":true,"href":"https:\/\/polysoft.xyz\/groupecb\/fr\/wp-json\/wp\/v2\/media\/7944"}],"wp:attachment":[{"href":"https:\/\/polysoft.xyz\/groupecb\/fr\/wp-json\/wp\/v2\/media?parent=7666"}],"wp:term":[{"taxonomy":"product_cat","embeddable":true,"href":"https:\/\/polysoft.xyz\/groupecb\/fr\/wp-json\/wp\/v2\/product_cat?post=7666"},{"taxonomy":"product_tag","embeddable":true,"href":"https:\/\/polysoft.xyz\/groupecb\/fr\/wp-json\/wp\/v2\/product_tag?post=7666"}],"curies":[{"name":"wp","href":"https:\/\/api.w.org\/{rel}","templated":true}]}}