{"id":7650,"date":"2024-04-21T12:16:08","date_gmt":"2024-04-21T17:16:08","guid":{"rendered":"https:\/\/polysoft.xyz\/group\/product\/model-corinne\/"},"modified":"2024-04-23T10:40:07","modified_gmt":"2024-04-23T15:40:07","slug":"model-corinne","status":"publish","type":"product","link":"https:\/\/polysoft.xyz\/groupecb\/fr\/produit\/model-corinne\/","title":{"rendered":"Mod\u00e8le Corinne"},"content":{"rendered":"<table style=\"height: 100px;\" border=\"0\" width=\"246\" cellspacing=\"0\" cellpadding=\"0\">\n<colgroup>\n<col width=\"87\" \/><\/colgroup>\n<tbody>\n<tr>\n<td><\/td>\n<td class=\"xl65\" height=\"21\">Chaise Conf\u00e9rence<\/td>\n<\/tr>\n<tr>\n<td><\/td>\n<td class=\"xl65\" height=\"21\">Dossier en mailles<\/td>\n<\/tr>\n<tr>\n<td><img decoding=\"async\" class=\"size-full wp-image-7525 aligncenter\" src=\"https:\/\/polysoft.xyz\/groupecb\/wp-content\/uploads\/2024\/04\/groupecb-hauteur-siege.png\" alt=\"\" width=\"50\" height=\"48\" \/><\/td>\n<td class=\"xl65\" height=\"21\">Adjustement en hauteur<\/td>\n<\/tr>\n<tr>\n<td><img decoding=\"async\" class=\"aligncenter wp-image-7517\" src=\"https:\/\/polysoft.xyz\/groupecb\/wp-content\/uploads\/2024\/04\/groupecb-basculement-siege.png\" alt=\"\" width=\"41\" height=\"50\" \/><\/td>\n<td class=\"xl65\" height=\"21\">Contr\u00f4le du basculement<\/td>\n<\/tr>\n<tr>\n<td><\/td>\n<td class=\"xl65\" height=\"21\">Bras fixes<\/td>\n<\/tr>\n<\/tbody>\n<\/table>\n","protected":false},"excerpt":{"rendered":"<p>Le mod\u00e8le Corrine est un si\u00e8ge de conf\u00e9rence con\u00e7u pour offrir un confort et un soutien optimaux lors de r\u00e9unions, de conf\u00e9rences et d&rsquo;\u00e9v\u00e9nements similaires. Ses principales caract\u00e9ristiques sont les suivantes<\/p>\n<p>1. **Fauteuil de conf\u00e9rence** : Le design de la chaise est sp\u00e9cifiquement adapt\u00e9 aux environnements de conf\u00e9rence, offrant une esth\u00e9tique professionnelle et \u00e9l\u00e9gante qui s&rsquo;int\u00e8gre parfaitement dans les salles de r\u00e9union et les bureaux.<\/p>\n<p>2. **Dossier en maille** : Le dossier en maille offre une meilleure respirabilit\u00e9, permettant \u00e0 l&rsquo;air de circuler librement \u00e0 travers la chaise pour garder l&rsquo;utilisateur au frais et \u00e0 l&rsquo;aise pendant de longues p\u00e9riodes d&rsquo;utilisation.<\/p>\n<p>3. **R\u00e9glage en hauteur** : La chaise est \u00e9quip\u00e9e d&rsquo;un m\u00e9canisme de r\u00e9glage de la hauteur, permettant \u00e0 l&rsquo;utilisateur de r\u00e9gler la hauteur du si\u00e8ge pour trouver la position assise id\u00e9ale en fonction de sa taille et de sa posture.<\/p>\n<p>4. **Basculeur avec verrouillage** : La fonction de basculement avec verrouillage permet \u00e0 l&rsquo;utilisateur de s&rsquo;incliner vers l&rsquo;arri\u00e8re de mani\u00e8re contr\u00f4l\u00e9e, offrant un mouvement naturel et confortable tout en maintenant la stabilit\u00e9. Le verrouillage permet de bloquer la chaise dans la position souhait\u00e9e pour plus de s\u00e9curit\u00e9 et de stabilit\u00e9 pendant les r\u00e9unions.<\/p>\n<p>5. **Accoudoirs fixes** : Les accoudoirs fixes offrent un soutien suppl\u00e9mentaire aux bras et aux \u00e9paules, favorisant une posture confortable lors de r\u00e9unions prolong\u00e9es. Bien que fixes, ils offrent un soutien ad\u00e9quat aux utilisateurs pendant les p\u00e9riodes d&rsquo;utilisation.<\/p>\n<p>En r\u00e9sum\u00e9, le mod\u00e8le Corrine est un si\u00e8ge de conf\u00e9rence \u00e9l\u00e9gant et fonctionnel, dot\u00e9 d&rsquo;un dossier en maille respirante, d&rsquo;un r\u00e9glage en hauteur, d&rsquo;un m\u00e9canisme de basculement avec verrouillage et d&rsquo;accoudoirs fixes pour un confort et un soutien optimaux lors des r\u00e9unions professionnelles.<\/p>\n","protected":false},"featured_media":7840,"comment_status":"open","ping_status":"closed","template":"","meta":[],"product_cat":[55],"product_tag":[],"class_list":{"0":"post-7650","1":"product","2":"type-product","3":"status-publish","4":"has-post-thumbnail","6":"product_cat-conference-fr","8":"first","9":"instock","10":"shipping-taxable","11":"product-type-simple"},"_links":{"self":[{"href":"https:\/\/polysoft.xyz\/groupecb\/fr\/wp-json\/wp\/v2\/product\/7650","targetHints":{"allow":["GET"]}}],"collection":[{"href":"https:\/\/polysoft.xyz\/groupecb\/fr\/wp-json\/wp\/v2\/product"}],"about":[{"href":"https:\/\/polysoft.xyz\/groupecb\/fr\/wp-json\/wp\/v2\/types\/product"}],"replies":[{"embeddable":true,"href":"https:\/\/polysoft.xyz\/groupecb\/fr\/wp-json\/wp\/v2\/comments?post=7650"}],"wp:featuredmedia":[{"embeddable":true,"href":"https:\/\/polysoft.xyz\/groupecb\/fr\/wp-json\/wp\/v2\/media\/7840"}],"wp:attachment":[{"href":"https:\/\/polysoft.xyz\/groupecb\/fr\/wp-json\/wp\/v2\/media?parent=7650"}],"wp:term":[{"taxonomy":"product_cat","embeddable":true,"href":"https:\/\/polysoft.xyz\/groupecb\/fr\/wp-json\/wp\/v2\/product_cat?post=7650"},{"taxonomy":"product_tag","embeddable":true,"href":"https:\/\/polysoft.xyz\/groupecb\/fr\/wp-json\/wp\/v2\/product_tag?post=7650"}],"curies":[{"name":"wp","href":"https:\/\/api.w.org\/{rel}","templated":true}]}}