{"id":7644,"date":"2024-04-21T12:16:08","date_gmt":"2024-04-21T17:16:08","guid":{"rendered":"https:\/\/polysoft.xyz\/group\/product\/model-5100\/"},"modified":"2024-04-23T10:29:44","modified_gmt":"2024-04-23T15:29:44","slug":"model-5100","status":"publish","type":"product","link":"https:\/\/polysoft.xyz\/groupecb\/fr\/produit\/model-5100\/","title":{"rendered":"Mod\u00e8le 5100"},"content":{"rendered":"<table style=\"height: 100px;\" border=\"0\" width=\"363\" cellspacing=\"0\" cellpadding=\"0\">\n<colgroup>\n<col width=\"87\" \/><\/colgroup>\n<tbody>\n<tr>\n<td><\/td>\n<td class=\"xl65\" height=\"21\">Chaise en PVC<\/td>\n<\/tr>\n<tr>\n<td><img decoding=\"async\" class=\"alignnone size-full wp-image-7544\" src=\"https:\/\/polysoft.xyz\/groupecb\/wp-content\/uploads\/2024\/04\/groupecb-empilable.png\" alt=\"\" width=\"109\" height=\"101\" \/><\/td>\n<td class=\"xl65\" height=\"21\">Empilable<\/td>\n<\/tr>\n<tr>\n<td><\/td>\n<td class=\"xl65\" height=\"21\">Avec des bras<\/td>\n<\/tr>\n<tr>\n<td><\/td>\n<td class=\"xl65\" height=\"21\">Disponible en Chrome, Argent et noir<\/td>\n<\/tr>\n<\/tbody>\n<\/table>\n","protected":false},"excerpt":{"rendered":"<p>La chaise empilable en PVC avec accoudoirs est un choix id\u00e9al pour les espaces publics tels que les caf\u00e9t\u00e9rias ou les salles de concert. Voici pourquoi :<\/p>\n<p>1. **Mat\u00e9riau PVC** : Le PVC est un mat\u00e9riau r\u00e9sistant, durable et facile \u00e0 entretenir, ce qui le rend id\u00e9al pour les environnements tr\u00e8s fr\u00e9quent\u00e9s tels que les caf\u00e9t\u00e9rias ou les salles de concert. Il est r\u00e9sistant aux taches et facile \u00e0 nettoyer, ce qui permet \u00e0 la chaise de conserver son aspect neuf m\u00eame apr\u00e8s une utilisation prolong\u00e9e.<\/p>\n<p>2. **empilable** : La chaise en PVC est empilable, ce qui permet de la ranger facilement lorsqu&rsquo;elle n&rsquo;est pas utilis\u00e9e, ce qui est particuli\u00e8rement avantageux dans les endroits o\u00f9 l&rsquo;espace est limit\u00e9. Elle facilite \u00e9galement le nettoyage et l&rsquo;entretien de l&rsquo;espace.<\/p>\n<p>3. **Avec bras** : La pr\u00e9sence d&rsquo;accoudoirs sur la chaise offre un soutien et un confort suppl\u00e9mentaires aux utilisateurs, ce qui la rend adapt\u00e9e aux p\u00e9riodes d&rsquo;assise prolong\u00e9es telles que les repas ou les concerts.<\/p>\n<p>4. **Disponible en plusieurs couleurs de ch\u00e2ssis** : La disponibilit\u00e9 de la chaise en PVC avec un cadre chrom\u00e9, argent\u00e9 ou noir offre une flexibilit\u00e9 de conception, ce qui permet de l&rsquo;adapter \u00e0 diff\u00e9rents d\u00e9cors et styles d&rsquo;int\u00e9rieur.<\/p>\n<p>En r\u00e9sum\u00e9, la chaise empilable en PVC avec accoudoirs est une option pratique, durable et polyvalente pour les caf\u00e9t\u00e9rias et les salles de concert, offrant un confort accru et une facilit\u00e9 d&rsquo;entretien tout en s&rsquo;adaptant \u00e0 une vari\u00e9t\u00e9 de styles de d\u00e9coration.<\/p>\n","protected":false},"featured_media":7942,"comment_status":"open","ping_status":"closed","template":"","meta":[],"product_cat":[56,53],"product_tag":[],"class_list":{"0":"post-7644","1":"product","2":"type-product","3":"status-publish","4":"has-post-thumbnail","6":"product_cat-empilable-fr","7":"product_cat-visiteur-fr","9":"first","10":"instock","11":"shipping-taxable","12":"product-type-simple"},"_links":{"self":[{"href":"https:\/\/polysoft.xyz\/groupecb\/fr\/wp-json\/wp\/v2\/product\/7644","targetHints":{"allow":["GET"]}}],"collection":[{"href":"https:\/\/polysoft.xyz\/groupecb\/fr\/wp-json\/wp\/v2\/product"}],"about":[{"href":"https:\/\/polysoft.xyz\/groupecb\/fr\/wp-json\/wp\/v2\/types\/product"}],"replies":[{"embeddable":true,"href":"https:\/\/polysoft.xyz\/groupecb\/fr\/wp-json\/wp\/v2\/comments?post=7644"}],"wp:featuredmedia":[{"embeddable":true,"href":"https:\/\/polysoft.xyz\/groupecb\/fr\/wp-json\/wp\/v2\/media\/7942"}],"wp:attachment":[{"href":"https:\/\/polysoft.xyz\/groupecb\/fr\/wp-json\/wp\/v2\/media?parent=7644"}],"wp:term":[{"taxonomy":"product_cat","embeddable":true,"href":"https:\/\/polysoft.xyz\/groupecb\/fr\/wp-json\/wp\/v2\/product_cat?post=7644"},{"taxonomy":"product_tag","embeddable":true,"href":"https:\/\/polysoft.xyz\/groupecb\/fr\/wp-json\/wp\/v2\/product_tag?post=7644"}],"curies":[{"name":"wp","href":"https:\/\/api.w.org\/{rel}","templated":true}]}}